{"id":380,"date":"2025-05-03T08:04:15","date_gmt":"2025-05-03T08:04:15","guid":{"rendered":"https:\/\/modkids.casethemes.net\/?page_id=380"},"modified":"2025-12-09T17:24:33","modified_gmt":"2025-12-09T20:24:33","slug":"pricing-plan","status":"publish","type":"page","link":"https:\/\/kids.colegiojoaokennedy.com.br\/?page_id=380","title":{"rendered":"Nossos Planos"},"content":{"rendered":"\t\t<div data-elementor-type=\"wp-page\" data-elementor-id=\"380\" class=\"elementor elementor-380\" data-elementor-post-type=\"page\">\n\t\t\t\t<div class=\"elementor-element elementor-element-3bb9e88 e-con-full e-flex pxl-row-scroll-none pxl-zoom-point-false pxl-section-overflow-visible pxl-section-fix-none pxl-bg-color-none pxl-section-overlay-none e-con e-parent \" data-id=\"3bb9e88\" data-element_type=\"container\" data-e-type=\"container\" data-settings=\"{&quot;background_background&quot;:&quot;classic&quot;}\"><div class=\"elementor-element elementor-element-288a0c1 e-flex e-con-boxed pxl-row-scroll-none pxl-zoom-point-false pxl-section-overflow-visible pxl-section-fix-none pxl-bg-color-none pxl-section-overlay-none e-con e-child \" data-id=\"288a0c1\" data-element_type=\"container\" data-e-type=\"container\" data-settings=\"{&quot;background_background&quot;:&quot;classic&quot;}\">\t\t\t<div class=\"e-con-inner\">\r\n\t\t<div class=\"elementor-element elementor-element-e80c461 e-con-full e-flex pxl-row-scroll-none pxl-zoom-point-false pxl-section-overflow-visible pxl-section-fix-none pxl-bg-color-none pxl-section-overlay-none e-con e-child \" data-id=\"e80c461\" data-element_type=\"container\" data-e-type=\"container\"><div class=\"elementor-element elementor-element-a085507 e-con-full e-flex pxl-row-scroll-none pxl-zoom-point-false pxl-section-overflow-visible pxl-section-fix-none pxl-bg-color-none pxl-section-overlay-none e-con e-child \" data-id=\"a085507\" data-element_type=\"container\" data-e-type=\"container\">\t\t<div class=\"elementor-element elementor-element-d182283 elementor-widget elementor-widget-pxl_pricing\" data-id=\"d182283\" data-element_type=\"widget\" data-e-type=\"widget\" data-widget_type=\"pxl_pricing.default\">\n\t\t\t\t<div class=\"elementor-widget-container\">\n\t\t\t\t\t<div class=\"pxl-pricing pxl-pricing1  prc-normarl\" data-wow-delay=\"ms\">\r\n    <div class=\"pxl-pricing--price pxl-flex-middle\">\r\n                            <div class=\"pxl-item--icon pxl-fl-middle\">\r\n                                    <img decoding=\"async\" width=\"140\" height=\"118\" src=\"https:\/\/kids.colegiojoaokennedy.com.br\/wp-content\/uploads\/2025\/05\/kids-kindergarten-prc-icon-1.png\" class=\"attachment-full\" alt=\"\" \/>                            <\/div>\r\n                <div class=\"wp-box-price\">\r\n            <span class=\"pxl-suffix pxl-empty\">Kids<\/span>\r\n            <span class=\"pxl-price pxl-empty\">R$ 900,00<\/span>\r\n        <\/div>\r\n    <\/div>\r\n    <div class=\"pxl-wp-box-content\">\r\n        <div class=\"bg-prc-meta-top\"><\/div>\r\n        <div class=\"pxl-pricing--title pxl-empty\">Programa\u00e7\u00e3o<\/div>\r\n                    <ul class=\"pxl-pricing--feature\">\r\n                                        <li>   \r\n                            <span class=\"prc-icon\">\r\n                                <i class=\"caseicon caseicon-check\"><\/i>\r\n                            <\/span>\r\n                                                            Bla Bla Bla                                                     <\/li>\r\n                                        <li>   \r\n                            <span class=\"prc-icon\">\r\n                                <i class=\"caseicon caseicon-check\"><\/i>\r\n                            <\/span>\r\n                                                            Bla Bla Bla                                                     <\/li>\r\n                                        <li>   \r\n                            <span class=\"prc-icon\">\r\n                                <i class=\"caseicon caseicon-check\"><\/i>\r\n                            <\/span>\r\n                                                            Bla Bla Bla                                                     <\/li>\r\n                                        <li>   \r\n                            <span class=\"prc-icon\">\r\n                                <i class=\"caseicon caseicon-check\"><\/i>\r\n                            <\/span>\r\n                                                            Bla Bla Bla                                                     <\/li>\r\n                                        <li>   \r\n                            <span class=\"prc-icon\">\r\n                                <i class=\"caseicon caseicon-check\"><\/i>\r\n                            <\/span>\r\n                                                            Bla Bla Bla                                                     <\/li>\r\n                            <\/ul>\r\n                            <a class=\"btn btn-prc\" href=\"#\">\r\n                <span>Saiba mais<\/span><i class=\"caseicon-long-arrow-right pxl-ml-18\"><\/i>\r\n            <\/a>\r\n            <\/div>\r\n<\/div>\t\t\t\t<\/div>\n\t\t\t\t<\/div>\n\t\t\t\t<\/div>\r\n\t\t<div class=\"elementor-element elementor-element-09e11c7 e-con-full e-flex pxl-row-scroll-none pxl-zoom-point-false pxl-section-overflow-visible pxl-section-fix-none pxl-bg-color-none pxl-section-overlay-none e-con e-child \" data-id=\"09e11c7\" data-element_type=\"container\" data-e-type=\"container\">\t\t<div class=\"elementor-element elementor-element-a001e79 elementor-widget elementor-widget-pxl_pricing\" data-id=\"a001e79\" data-element_type=\"widget\" data-e-type=\"widget\" data-widget_type=\"pxl_pricing.default\">\n\t\t\t\t<div class=\"elementor-widget-container\">\n\t\t\t\t\t<div class=\"pxl-pricing pxl-pricing1  prc-normarl\" data-wow-delay=\"ms\">\r\n    <div class=\"pxl-pricing--price pxl-flex-middle\">\r\n                            <div class=\"pxl-item--icon pxl-fl-middle\">\r\n                                    <img decoding=\"async\" width=\"140\" height=\"118\" src=\"https:\/\/kids.colegiojoaokennedy.com.br\/wp-content\/uploads\/2025\/05\/kids-kindergarten-prc-icon-2.png\" class=\"attachment-full\" alt=\"\" \/>                            <\/div>\r\n                <div class=\"wp-box-price\">\r\n            <span class=\"pxl-suffix pxl-empty\">Fundamental<\/span>\r\n            <span class=\"pxl-price pxl-empty\">R$ 900,00<\/span>\r\n        <\/div>\r\n    <\/div>\r\n    <div class=\"pxl-wp-box-content\">\r\n        <div class=\"bg-prc-meta-top\"><\/div>\r\n        <div class=\"pxl-pricing--title pxl-empty\">Programa\u00e7\u00e3o<\/div>\r\n                    <ul class=\"pxl-pricing--feature\">\r\n                                        <li>   \r\n                            <span class=\"prc-icon\">\r\n                                <i class=\"caseicon caseicon-check\"><\/i>\r\n                            <\/span>\r\n                                                            Bla Bla Bla                                                     <\/li>\r\n                                        <li>   \r\n                            <span class=\"prc-icon\">\r\n                                <i class=\"caseicon caseicon-check\"><\/i>\r\n                            <\/span>\r\n                                                            Bla Bla Bla                                                     <\/li>\r\n                                        <li>   \r\n                            <span class=\"prc-icon\">\r\n                                <i class=\"caseicon caseicon-check\"><\/i>\r\n                            <\/span>\r\n                                                            Bla Bla Bla                                                     <\/li>\r\n                                        <li>   \r\n                            <span class=\"prc-icon\">\r\n                                <i class=\"caseicon caseicon-check\"><\/i>\r\n                            <\/span>\r\n                                                            Bla Bla Bla                                                     <\/li>\r\n                                        <li>   \r\n                            <span class=\"prc-icon\">\r\n                                <i class=\"caseicon caseicon-check\"><\/i>\r\n                            <\/span>\r\n                                                            Bla Bla Bla                                                     <\/li>\r\n                            <\/ul>\r\n                            <a class=\"btn btn-prc\" href=\"#\">\r\n                <span>Saiba mais<\/span><i class=\"caseicon-long-arrow-right pxl-ml-18\"><\/i>\r\n            <\/a>\r\n            <\/div>\r\n<\/div>\t\t\t\t<\/div>\n\t\t\t\t<\/div>\n\t\t\t\t<\/div>\r\n\t\t\t\t<\/div>\r\n\t\t<div class=\"elementor-element elementor-element-62760dc e-con-full e-flex pxl-row-scroll-none pxl-zoom-point-false pxl-section-overflow-visible pxl-section-fix-none pxl-bg-color-none pxl-section-overlay-none e-con e-child \" data-id=\"62760dc\" data-element_type=\"container\" data-e-type=\"container\">\t\t<div class=\"elementor-element elementor-element-4236ef1 elementor-widget elementor-widget-pxl_heading\" data-id=\"4236ef1\" data-element_type=\"widget\" data-e-type=\"widget\" data-widget_type=\"pxl_heading.default\">\n\t\t\t\t<div class=\"elementor-widget-container\">\n\t\t\t\t\t\n<div id=\"pxl-pxl_heading-4236ef1-6599\" class=\"pxl-heading \">\n\t<div class=\"pxl-heading--inner\">\n\t\t\t\t\t<div class=\"pxl-item--subtitle \" data-wow-delay=\"ms\">\n\t\t\t\t<span class=\"pxl-item--subtext\">\n\t\t\t\t\t<span>Matriculas em andamento<\/span>\n\t\t\t\t<\/span>\n\t\t\t<\/div>\n\t\t\n\t\t<h2 class=\"pxl-item--title style-default highlight-default pxl-split-text split-in-scale\" data-wow-delay=\"450ms\">\n\t\t\t<span class=\"pxl-heading--text\">\n\t\t\t\t\t\t\t\t\tOferecemos as principais atividades para crian\u00e7as.\t\n\t\t\t\t\t\t\t<\/span>\n\t\t<\/h2>\n\t<\/div>\n<\/div>\t\t\t\t<\/div>\n\t\t\t\t<\/div>\n\t\t\t\t<\/div>\r\n\t\t\t\t\t<\/div>\r\n\t\t\t\t<\/div>\r\n\t\t\t\t<\/div>\r\n\t\t\t\t<\/div>\n\t\t","protected":false},"excerpt":{"rendered":"<p>Kids R$ 900,00 Programa\u00e7\u00e3o Bla Bla Bla Bla Bla Bla Bla Bla Bla Bla Bla Bla Bla Bla Bla Saiba mais Fundamental R$ 900,00 Programa\u00e7\u00e3o Bla Bla Bla Bla Bla Bla Bla Bla Bla Bla Bla Bla Bla Bla Bla Saiba mais Matriculas em andamento Oferecemos as principais atividades para crian\u00e7as.<\/p>\n","protected":false},"author":1,"featured_media":0,"parent":0,"menu_order":0,"comment_status":"closed","ping_status":"closed","template":"","meta":{"footnotes":""},"class_list":["post-380","page","type-page","status-publish","hentry"],"_hostinger_reach_plugin_has_subscription_block":false,"_hostinger_reach_plugin_is_elementor":false,"_links":{"self":[{"href":"https:\/\/kids.colegiojoaokennedy.com.br\/index.php?rest_route=\/wp\/v2\/pages\/380","targetHints":{"allow":["GET"]}}],"collection":[{"href":"https:\/\/kids.colegiojoaokennedy.com.br\/index.php?rest_route=\/wp\/v2\/pages"}],"about":[{"href":"https:\/\/kids.colegiojoaokennedy.com.br\/index.php?rest_route=\/wp\/v2\/types\/page"}],"author":[{"embeddable":true,"href":"https:\/\/kids.colegiojoaokennedy.com.br\/index.php?rest_route=\/wp\/v2\/users\/1"}],"replies":[{"embeddable":true,"href":"https:\/\/kids.colegiojoaokennedy.com.br\/index.php?rest_route=%2Fwp%2Fv2%2Fcomments&post=380"}],"version-history":[{"count":10,"href":"https:\/\/kids.colegiojoaokennedy.com.br\/index.php?rest_route=\/wp\/v2\/pages\/380\/revisions"}],"predecessor-version":[{"id":18492,"href":"https:\/\/kids.colegiojoaokennedy.com.br\/index.php?rest_route=\/wp\/v2\/pages\/380\/revisions\/18492"}],"wp:attachment":[{"href":"https:\/\/kids.colegiojoaokennedy.com.br\/index.php?rest_route=%2Fwp%2Fv2%2Fmedia&parent=380"}],"curies":[{"name":"wp","href":"https:\/\/api.w.org\/{rel}","templated":true}]}}