{"id":376,"date":"2025-05-03T08:03:09","date_gmt":"2025-05-03T08:03:09","guid":{"rendered":"https:\/\/modkids.casethemes.net\/?page_id=376"},"modified":"2025-12-09T11:02:31","modified_gmt":"2025-12-09T14:02:31","slug":"faqs","status":"publish","type":"page","link":"https:\/\/kids.colegiojoaokennedy.com.br\/?page_id=376","title":{"rendered":"FAQs"},"content":{"rendered":"\t\t<div data-elementor-type=\"wp-page\" data-elementor-id=\"376\" class=\"elementor elementor-376\" data-elementor-post-type=\"page\">\n\t\t\t\t<div class=\"elementor-element elementor-element-f021d4b e-flex e-con-boxed pxl-row-scroll-none pxl-zoom-point-false pxl-section-overflow-visible pxl-section-fix-none pxl-bg-color-none pxl-section-overlay-none e-con e-parent \" data-id=\"f021d4b\" data-element_type=\"container\" data-e-type=\"container\">\t\t\t<div class=\"e-con-inner\">\r\n\t\t\t\t<div class=\"elementor-element elementor-element-61a4393 elementor-widget elementor-widget-pxl_heading\" data-id=\"61a4393\" data-element_type=\"widget\" data-e-type=\"widget\" data-widget_type=\"pxl_heading.default\">\n\t\t\t\t<div class=\"elementor-widget-container\">\n\t\t\t\t\t\n<div id=\"pxl-pxl_heading-61a4393-3902\" class=\"pxl-heading \">\n\t<div class=\"pxl-heading--inner\">\n\t\t\n\t\t<h2 class=\"pxl-item--title style-default highlight-default pxl-split-text split-in-fade\" data-wow-delay=\"ms\">\n\t\t\t<span class=\"pxl-heading--text\">\n\t\t\t\t\t\t\t\t\tPerguntas Frequentes\t\n\t\t\t\t\t\t\t<\/span>\n\t\t<\/h2>\n\t<\/div>\n<\/div>\t\t\t\t<\/div>\n\t\t\t\t<\/div>\n\t\t\t\t<div class=\"elementor-element elementor-element-c51bc43 elementor-widget elementor-widget-pxl_accordion\" data-id=\"c51bc43\" data-element_type=\"widget\" data-e-type=\"widget\" data-widget_type=\"pxl_accordion.default\">\n\t\t\t\t<div class=\"elementor-widget-container\">\n\t\t\t\t\t    <div class=\"pxl-accordion pxl-accordion1 style-2 \" data-wow-delay=\"ms\">\r\n                    <div class=\"pxl--item \">\r\n                <h5 class=\"pxl-accordion--title\" data-target=\"#pxl_accordion-c51bc43-5681-6672a8c\">\r\n                                        <span class=\"pxl-title--text\">Como personalizar o aprendizado para cada crian\u00e7a?<\/span>\r\n                                                                <span class=\"pxl-icon--action\">\r\n                            <i class=\"caseicon-icon-plus\"><\/i>\r\n                        <\/span>\r\n                                                                            <\/h5>\r\n                <div id=\"pxl_accordion-c51bc43-5681-6672a8c\" class=\"pxl-accordion--content\" >N\u00e3o trabalhamos apenas com concreto e a\u00e7o. Trabalhamos com pessoas. Somos acess\u00edveis, mesmo em nossos trabalhos mais complexos. Trabalhamos com concreto e a\u00e7o. Trabalhamos com pessoas.<\/div>\r\n            <\/div>\r\n                    <div class=\"pxl--item active\">\r\n                <h5 class=\"pxl-accordion--title\" data-target=\"#pxl_accordion-c51bc43-5681-866dceb\">\r\n                                        <span class=\"pxl-title--text\">Quais s\u00e3o os assuntos abordados no programa?<\/span>\r\n                                                                <span class=\"pxl-icon--action\">\r\n                            <i class=\"caseicon-icon-plus\"><\/i>\r\n                        <\/span>\r\n                                                                            <\/h5>\r\n                <div id=\"pxl_accordion-c51bc43-5681-866dceb\" class=\"pxl-accordion--content\" style=\"display: block;\">Nosso programa abrange  (Ci\u00eancia, Matem\u00e1tica), artes criativas, habilidades de comunica\u00e7\u00e3o e aprendizagem socioemocional para garantir uma educa\u00e7\u00e3o completa. As crian\u00e7as participam de atividades como conta\u00e7\u00e3o de hist\u00f3rias, orat\u00f3ria e experimentos cient\u00edficos pr\u00e1ticos para desenvolver o pensamento cr\u00edtico e a criatividade.<\/div>\r\n            <\/div>\r\n                    <div class=\"pxl--item \">\r\n                <h5 class=\"pxl-accordion--title\" data-target=\"#pxl_accordion-c51bc43-5681-b8ce8ab\">\r\n                                        <span class=\"pxl-title--text\">Como posso matricular meu filho?<\/span>\r\n                                                                <span class=\"pxl-icon--action\">\r\n                            <i class=\"caseicon-icon-plus\"><\/i>\r\n                        <\/span>\r\n                                                                            <\/h5>\r\n                <div id=\"pxl_accordion-c51bc43-5681-b8ce8ab\" class=\"pxl-accordion--content\" >Bla Bla ...<\/div>\r\n            <\/div>\r\n            <\/div>\r\n\t\t\t\t<\/div>\n\t\t\t\t<\/div>\n\t\t\t\t\t<\/div>\r\n\t\t\t\t<\/div>\r\n\t\t\t\t<\/div>\n\t\t","protected":false},"excerpt":{"rendered":"<p>Perguntas Frequentes Como personalizar o aprendizado para cada crian\u00e7a? N\u00e3o trabalhamos apenas com concreto e a\u00e7o. Trabalhamos com pessoas. Somos acess\u00edveis, mesmo em nossos trabalhos mais complexos. Trabalhamos com concreto e a\u00e7o. Trabalhamos com pessoas. Quais s\u00e3o os assuntos abordados no programa? Nosso programa abrange (Ci\u00eancia, Matem\u00e1tica), artes criativas, habilidades de comunica\u00e7\u00e3o e aprendizagem socioemocional [&hellip;]<\/p>\n","protected":false},"author":1,"featured_media":0,"parent":0,"menu_order":0,"comment_status":"closed","ping_status":"closed","template":"","meta":{"footnotes":""},"class_list":["post-376","page","type-page","status-publish","hentry"],"_hostinger_reach_plugin_has_subscription_block":false,"_hostinger_reach_plugin_is_elementor":false,"_links":{"self":[{"href":"https:\/\/kids.colegiojoaokennedy.com.br\/index.php?rest_route=\/wp\/v2\/pages\/376","targetHints":{"allow":["GET"]}}],"collection":[{"href":"https:\/\/kids.colegiojoaokennedy.com.br\/index.php?rest_route=\/wp\/v2\/pages"}],"about":[{"href":"https:\/\/kids.colegiojoaokennedy.com.br\/index.php?rest_route=\/wp\/v2\/types\/page"}],"author":[{"embeddable":true,"href":"https:\/\/kids.colegiojoaokennedy.com.br\/index.php?rest_route=\/wp\/v2\/users\/1"}],"replies":[{"embeddable":true,"href":"https:\/\/kids.colegiojoaokennedy.com.br\/index.php?rest_route=%2Fwp%2Fv2%2Fcomments&post=376"}],"version-history":[{"count":3,"href":"https:\/\/kids.colegiojoaokennedy.com.br\/index.php?rest_route=\/wp\/v2\/pages\/376\/revisions"}],"predecessor-version":[{"id":18443,"href":"https:\/\/kids.colegiojoaokennedy.com.br\/index.php?rest_route=\/wp\/v2\/pages\/376\/revisions\/18443"}],"wp:attachment":[{"href":"https:\/\/kids.colegiojoaokennedy.com.br\/index.php?rest_route=%2Fwp%2Fv2%2Fmedia&parent=376"}],"curies":[{"name":"wp","href":"https:\/\/api.w.org\/{rel}","templated":true}]}}