{"id":345,"date":"2025-05-03T04:21:18","date_gmt":"2025-05-03T04:21:18","guid":{"rendered":"https:\/\/modkids.casethemes.net\/?page_id=345"},"modified":"2025-12-09T12:46:44","modified_gmt":"2025-12-09T15:46:44","slug":"services","status":"publish","type":"page","link":"https:\/\/kids.colegiojoaokennedy.com.br\/?page_id=345","title":{"rendered":"Servi\u00e7os"},"content":{"rendered":"\t\t<div data-elementor-type=\"wp-page\" data-elementor-id=\"345\" class=\"elementor elementor-345\" data-elementor-post-type=\"page\">\n\t\t\t\t<div class=\"elementor-element elementor-element-aa823d0 e-flex e-con-boxed pxl-row-scroll-none pxl-zoom-point-false pxl-section-overflow-visible pxl-section-fix-none pxl-bg-color-none pxl-section-overlay-none e-con e-parent \" data-id=\"aa823d0\" data-element_type=\"container\" data-e-type=\"container\">\t\t\t<div class=\"e-con-inner\">\r\n\t\t\t\t<div class=\"elementor-element elementor-element-fb5633f elementor-widget elementor-widget-pxl_heading\" data-id=\"fb5633f\" data-element_type=\"widget\" data-e-type=\"widget\" data-widget_type=\"pxl_heading.default\">\n\t\t\t\t<div class=\"elementor-widget-container\">\n\t\t\t\t\t\n<div id=\"pxl-pxl_heading-fb5633f-8115\" class=\"pxl-heading \">\n\t<div class=\"pxl-heading--inner\">\n\t\t\n\t\t<h2 class=\"pxl-item--title style-default highlight-default \" data-wow-delay=\"ms\">\n\t\t\t<span class=\"pxl-heading--text\">\n\t\t\t\t\t\t\t\t\tAprimorando experi\u00eancias com ofertas excepcionais..\t\n\t\t\t\t\t\t\t<\/span>\n\t\t<\/h2>\n\t<\/div>\n<\/div>\t\t\t\t<\/div>\n\t\t\t\t<\/div>\n\t\t\t\t<div class=\"elementor-element elementor-element-22f384e elementor-widget elementor-widget-pxl_text_editor\" data-id=\"22f384e\" data-element_type=\"widget\" data-e-type=\"widget\" data-widget_type=\"pxl_text_editor.default\">\n\t\t\t\t<div class=\"elementor-widget-container\">\n\t\t\t\t\t<div class=\"pxl-text-editor\">\n\t<div class=\"pxl-item--inner \" data-wow-delay=\"ms\">\n\t\t<p>Aprimoramos cada momento com ofertas excepcionais que agregam valor e emo\u00e7\u00e3o. Desfrute de ofertas incompar\u00e1veis, criadas para elevar suas experi\u00eancias sem esfor\u00e7o.<\/p>\t<\/div>\n<\/div>\t\t\t\t<\/div>\n\t\t\t\t<\/div>\n\t\t\t\t\t<\/div>\r\n\t\t\t\t<\/div>\r\n\t\t<div class=\"elementor-element elementor-element-75f823b e-con-full e-flex pxl-row-scroll-none pxl-zoom-point-false pxl-section-overflow-visible pxl-section-fix-none pxl-bg-color-none pxl-section-overlay-none e-con e-parent \" data-id=\"75f823b\" data-element_type=\"container\" data-e-type=\"container\" data-settings=\"{&quot;background_background&quot;:&quot;classic&quot;}\">\t\t<div class=\"elementor-element elementor-element-f521686 animated-slow elementor-invisible elementor-widget elementor-widget-pxl_image\" data-id=\"f521686\" data-element_type=\"widget\" data-e-type=\"widget\" data-settings=\"{&quot;_animation&quot;:&quot;zoomIn&quot;,&quot;_animation_delay&quot;:540}\" data-widget_type=\"pxl_image.default\">\n\t\t\t\t<div class=\"elementor-widget-container\">\n\t\t\t\t\t<div id=\"pxl_image-f521686-9037\" class=\"pxl-image-single pxl-disable-parallax-sm pxl-circle-move \" data-wow-delay=\"ms\"  >\r\n    <div class=\"pxl-item--inner\">\r\n                \r\n                                                        <div class=\"pxl-item--image\" data-parallax-value=\"\">\r\n                                                            <img fetchpriority=\"high\" decoding=\"async\" width=\"400\" height=\"355\" src=\"https:\/\/kids.colegiojoaokennedy.com.br\/wp-content\/uploads\/2025\/12\/Sem-fundo-copiar2-MENOR.png\" class=\"no-lazyload attachment-full\" alt=\"\" srcset=\"https:\/\/kids.colegiojoaokennedy.com.br\/wp-content\/uploads\/2025\/12\/Sem-fundo-copiar2-MENOR.png 400w, https:\/\/kids.colegiojoaokennedy.com.br\/wp-content\/uploads\/2025\/12\/Sem-fundo-copiar2-MENOR-300x266.png 300w\" sizes=\"(max-width: 400px) 100vw, 400px\" \/>                                                                                <\/div>\r\n                                                    <\/div>\r\n<\/div>\t\t\t\t<\/div>\n\t\t\t\t<\/div>\n\t\t\t\t<\/div>\r\n\t\t<div class=\"elementor-element elementor-element-a6d28c9 e-con-full e-flex pxl-row-scroll-none pxl-zoom-point-false pxl-section-overflow-visible pxl-section-fix-none pxl-bg-color-none pxl-section-overlay-none e-con e-parent \" data-id=\"a6d28c9\" data-element_type=\"container\" data-e-type=\"container\" data-settings=\"{&quot;background_background&quot;:&quot;classic&quot;}\"><div class=\"pxl-section-bg-parallax\" data-parallax=\"{&quot;y&quot;:100}\"><\/div><div class=\"elementor-element elementor-element-30e1757 e-con-full e-flex pxl-row-scroll-none pxl-zoom-point-false pxl-section-overflow-visible pxl-section-fix-none pxl-bg-color-none pxl-section-overlay-none e-con e-child \" data-id=\"30e1757\" data-element_type=\"container\" data-e-type=\"container\" data-settings=\"{&quot;background_background&quot;:&quot;classic&quot;}\"><div class=\"elementor-element elementor-element-246f133 e-flex e-con-boxed pxl-row-scroll-none pxl-zoom-point-false pxl-section-overflow-visible pxl-section-fix-none pxl-bg-color-none pxl-section-overlay-none e-con e-child \" data-id=\"246f133\" data-element_type=\"container\" data-e-type=\"container\">\t\t\t<div class=\"e-con-inner\">\r\n\t\t\t\t<div class=\"elementor-element elementor-element-4be0d47 elementor-widget__width-initial elementor-widget elementor-widget-pxl_testimonial_carousel\" data-id=\"4be0d47\" data-element_type=\"widget\" data-e-type=\"widget\" data-widget_type=\"pxl_testimonial_carousel.default\">\n\t\t\t\t<div class=\"elementor-widget-container\">\n\t\t\t\t\t    <div class=\"pxl-swiper-slider pxl-testimonial-carousel pxl-testimonial-carousel4\" data-cursor-drap=\"DRAG\">\n        <div class=\"pxl-carousel-inner\">\n            <div class=\"pxl-swiper-container\" dir=\"ltr\" data-settings=\"{&quot;slide_direction&quot;:&quot;horizontal&quot;,&quot;slide_percolumn&quot;:1,&quot;slide_mode&quot;:&quot;fade&quot;,&quot;slides_to_show&quot;:1,&quot;slides_to_show_xxl&quot;:1,&quot;slides_to_show_lg&quot;:1,&quot;slides_to_show_md&quot;:1,&quot;slides_to_show_sm&quot;:1,&quot;slides_to_show_xs&quot;:1,&quot;slides_to_scroll&quot;:1,&quot;arrow&quot;:false,&quot;pagination&quot;:false,&quot;pagination_type&quot;:&quot;bullets&quot;,&quot;autoplay&quot;:true,&quot;pause_on_hover&quot;:false,&quot;pause_on_interaction&quot;:true,&quot;delay&quot;:300,&quot;loop&quot;:true,&quot;speed&quot;:5000}\">\n                <div class=\"pxl-swiper-wrapper\">\n                                            <div class=\"pxl-swiper-slide\">\n                            <div class=\"pxl-item--inner \">\n                                <div class=\"bg-image\" ><\/div>\n                                <div class=\"icon-qouter\"><i class=\"icomoon-quoter\"><\/i><\/div>\n                                                                <div class=\"pxl-item--desc el-empty\">\n                                    Estudar \u00e9 a chave para grande parte das oportunidades que surgir\u00e3o no seu futuro. Para te ajudar a acabar com a procrastina\u00e7\u00e3o e focar no que ainda tem a aprender, separamos algumas frases e mensagens de motiva\u00e7\u00e3o inspiradoras!                                <\/div>\n                               <h6 class=\"pxl-item--title el-empty\">Col\u00e9gio Jo\u00e3o Kennedy<\/h6>\n                                                           <\/div>\n                        <\/div>\n                                            <div class=\"pxl-swiper-slide\">\n                            <div class=\"pxl-item--inner \">\n                                <div class=\"bg-image\" ><\/div>\n                                <div class=\"icon-qouter\"><i class=\"icomoon-quoter\"><\/i><\/div>\n                                                                <div class=\"pxl-item--desc el-empty\">\n                                    O tempo de estudo nunca \u00e9 um tempo perdido.                                <\/div>\n                               <h6 class=\"pxl-item--title el-empty\">Col\u00e9gio Jo\u00e3o Kennedy<\/h6>\n                                                           <\/div>\n                        <\/div>\n                                            <div class=\"pxl-swiper-slide\">\n                            <div class=\"pxl-item--inner \">\n                                <div class=\"bg-image\" ><\/div>\n                                <div class=\"icon-qouter\"><i class=\"icomoon-quoter\"><\/i><\/div>\n                                                                <div class=\"pxl-item--desc el-empty\">\n                                    Seja claro no que voc\u00ea deseja e persevere atrav\u00e9s dos estudos. Dessa forma, voc\u00ea vai colher os frutos de todo este tempo investido.                                <\/div>\n                               <h6 class=\"pxl-item--title el-empty\">Col\u00e9gio Jo\u00e3o Kennedy<\/h6>\n                                                           <\/div>\n                        <\/div>\n                                    <\/div>\n            <\/div>\n\n        <\/div>\n                                    <\/div>\n\t\t\t\t<\/div>\n\t\t\t\t<\/div>\n\t\t\t\t\t<\/div>\r\n\t\t\t\t<\/div>\r\n\t\t\t\t<\/div>\r\n\t\t\t\t<\/div>\r\n\t\t<div class=\"elementor-element elementor-element-2a8a6b7 e-flex e-con-boxed pxl-row-scroll-none pxl-zoom-point-false pxl-section-overflow-visible pxl-section-fix-none pxl-bg-color-none pxl-section-overlay-none e-con e-parent \" data-id=\"2a8a6b7\" data-element_type=\"container\" data-e-type=\"container\" data-settings=\"{&quot;background_background&quot;:&quot;classic&quot;}\">\t\t\t<div class=\"e-con-inner\">\r\n\t\t\t\t<div class=\"elementor-element elementor-element-239a9fd elementor-widget elementor-widget-pxl_heading\" data-id=\"239a9fd\" data-element_type=\"widget\" data-e-type=\"widget\" data-widget_type=\"pxl_heading.default\">\n\t\t\t\t<div class=\"elementor-widget-container\">\n\t\t\t\t\t\n<div id=\"pxl-pxl_heading-239a9fd-1972\" class=\"pxl-heading \">\n\t<div class=\"pxl-heading--inner\">\n\t\t\n\t\t<h2 class=\"pxl-item--title style-default highlight-default pxl-split-text split-in-up\" data-wow-delay=\"350ms\">\n\t\t\t<span class=\"pxl-heading--text\">\n\t\t\t\t\t\t\t\t\tGaleria\t\n\t\t\t\t\t\t\t<\/span>\n\t\t<\/h2>\n\t<\/div>\n<\/div>\t\t\t\t<\/div>\n\t\t\t\t<\/div>\n\t\t\t\t\t<\/div>\r\n\t\t\t\t<\/div>\r\n\t\t<div class=\"elementor-element elementor-element-573269a e-flex e-con-boxed pxl-row-scroll-none pxl-zoom-point-false pxl-section-overflow-visible pxl-section-fix-none pxl-bg-color-none pxl-section-overlay-none e-con e-parent \" data-id=\"573269a\" data-element_type=\"container\" data-e-type=\"container\">\t\t\t<div class=\"e-con-inner\">\r\n\t\t<div class=\"elementor-element elementor-element-6295e71 e-con-full e-flex pxl-row-scroll-none pxl-zoom-point-false pxl-section-overflow-visible pxl-section-fix-none pxl-bg-color-none pxl-section-overlay-none e-con e-child \" data-id=\"6295e71\" data-element_type=\"container\" data-e-type=\"container\">\t\t<div class=\"elementor-element elementor-element-02c9933 elementor-widget elementor-widget-pxl_image\" data-id=\"02c9933\" data-element_type=\"widget\" data-e-type=\"widget\" data-widget_type=\"pxl_image.default\">\n\t\t\t\t<div class=\"elementor-widget-container\">\n\t\t\t\t\t<div id=\"pxl_image-02c9933-4963\" class=\"pxl-image-single pxl-disable-parallax-sm  \" data-wow-delay=\"ms\"  >\r\n    <div class=\"pxl-item--inner\">\r\n                \r\n                                 \r\n                        <div class=\"pxl-item--image pxl-item-light-box pxl-single-lightbox\">\r\n                            <img decoding=\"async\" class=\"no-lazyload \" src=\"https:\/\/kids.colegiojoaokennedy.com.br\/wp-content\/uploads\/2025\/12\/kid14-800x720.jpeg\" width=\"800\" height=\"720\" alt=\"kid14\" title=\"kid14\" \/>                            <a class=\"btn-zoom light-box\" href=\"https:\/\/kids.colegiojoaokennedy.com.br\/wp-content\/uploads\/2025\/12\/kid14.jpeg\">+<\/a>\r\n                        <\/div>\r\n                                                    <\/div>\r\n<\/div>\t\t\t\t<\/div>\n\t\t\t\t<\/div>\n\t\t\t\t<\/div>\r\n\t\t<div class=\"elementor-element elementor-element-5a6d66a e-con-full e-flex pxl-row-scroll-none pxl-zoom-point-false pxl-section-overflow-visible pxl-section-fix-none pxl-bg-color-none pxl-section-overlay-none e-con e-child \" data-id=\"5a6d66a\" data-element_type=\"container\" data-e-type=\"container\"><div class=\"elementor-element elementor-element-3df3867 e-con-full e-flex pxl-row-scroll-none pxl-zoom-point-false pxl-section-overflow-visible pxl-section-fix-none pxl-bg-color-none pxl-section-overlay-none e-con e-child \" data-id=\"3df3867\" data-element_type=\"container\" data-e-type=\"container\">\t\t<div class=\"elementor-element elementor-element-a5439c1 elementor-widget__width-initial elementor-widget elementor-widget-pxl_image\" data-id=\"a5439c1\" data-element_type=\"widget\" data-e-type=\"widget\" data-widget_type=\"pxl_image.default\">\n\t\t\t\t<div class=\"elementor-widget-container\">\n\t\t\t\t\t<div id=\"pxl_image-a5439c1-9994\" class=\"pxl-image-single pxl-disable-parallax-sm  \" data-wow-delay=\"ms\"  >\r\n    <div class=\"pxl-item--inner\">\r\n                \r\n                                 \r\n                        <div class=\"pxl-item--image pxl-item-light-box pxl-single-lightbox\">\r\n                            <img decoding=\"async\" class=\"no-lazyload \" src=\"https:\/\/kids.colegiojoaokennedy.com.br\/wp-content\/uploads\/2025\/12\/kid7-720x470.jpeg\" width=\"720\" height=\"470\" alt=\"kid7\" title=\"kid7\" \/>                            <a class=\"btn-zoom light-box\" href=\"https:\/\/kids.colegiojoaokennedy.com.br\/wp-content\/uploads\/2025\/12\/kid7.jpeg\">+<\/a>\r\n                        <\/div>\r\n                                                    <\/div>\r\n<\/div>\t\t\t\t<\/div>\n\t\t\t\t<\/div>\n\t\t\t\t<div class=\"elementor-element elementor-element-742764c elementor-widget__width-initial elementor-widget elementor-widget-pxl_image\" data-id=\"742764c\" data-element_type=\"widget\" data-e-type=\"widget\" data-widget_type=\"pxl_image.default\">\n\t\t\t\t<div class=\"elementor-widget-container\">\n\t\t\t\t\t<div id=\"pxl_image-742764c-9621\" class=\"pxl-image-single pxl-disable-parallax-sm  \" data-wow-delay=\"ms\"  >\r\n    <div class=\"pxl-item--inner\">\r\n                \r\n                                 \r\n                        <div class=\"pxl-item--image pxl-item-light-box pxl-single-lightbox\">\r\n                            <img loading=\"lazy\" decoding=\"async\" width=\"960\" height=\"1280\" src=\"https:\/\/kids.colegiojoaokennedy.com.br\/wp-content\/uploads\/2025\/12\/kid11.jpeg\" class=\"no-lazyload attachment-full\" alt=\"\" srcset=\"https:\/\/kids.colegiojoaokennedy.com.br\/wp-content\/uploads\/2025\/12\/kid11.jpeg 960w, https:\/\/kids.colegiojoaokennedy.com.br\/wp-content\/uploads\/2025\/12\/kid11-225x300.jpeg 225w, https:\/\/kids.colegiojoaokennedy.com.br\/wp-content\/uploads\/2025\/12\/kid11-768x1024.jpeg 768w, https:\/\/kids.colegiojoaokennedy.com.br\/wp-content\/uploads\/2025\/12\/kid11-533x710.jpeg 533w\" sizes=\"(max-width: 960px) 100vw, 960px\" \/>                            <a class=\"btn-zoom light-box\" href=\"https:\/\/kids.colegiojoaokennedy.com.br\/wp-content\/uploads\/2025\/12\/kid11.jpeg\">+<\/a>\r\n                        <\/div>\r\n                                                    <\/div>\r\n<\/div>\t\t\t\t<\/div>\n\t\t\t\t<\/div>\n\t\t\t\t<\/div>\r\n\t\t<div class=\"elementor-element elementor-element-57654fb e-con-full e-flex pxl-row-scroll-none pxl-zoom-point-false pxl-section-overflow-visible pxl-section-fix-none pxl-bg-color-none pxl-section-overlay-none e-con e-child \" data-id=\"57654fb\" data-element_type=\"container\" data-e-type=\"container\">\t\t<div class=\"elementor-element elementor-element-e6853fc elementor-widget__width-initial elementor-widget elementor-widget-pxl_image\" data-id=\"e6853fc\" data-element_type=\"widget\" data-e-type=\"widget\" data-widget_type=\"pxl_image.default\">\n\t\t\t\t<div class=\"elementor-widget-container\">\n\t\t\t\t\t<div id=\"pxl_image-e6853fc-3538\" class=\"pxl-image-single pxl-disable-parallax-sm  \" data-wow-delay=\"ms\"  >\r\n    <div class=\"pxl-item--inner\">\r\n                \r\n                                 \r\n                        <div class=\"pxl-item--image pxl-item-light-box pxl-single-lightbox\">\r\n                            <img loading=\"lazy\" decoding=\"async\" class=\"no-lazyload \" src=\"https:\/\/kids.colegiojoaokennedy.com.br\/wp-content\/uploads\/2025\/12\/kid1-800x650.jpeg\" width=\"800\" height=\"650\" alt=\"kid1\" title=\"kid1\" \/>                            <a class=\"btn-zoom light-box\" href=\"https:\/\/kids.colegiojoaokennedy.com.br\/wp-content\/uploads\/2025\/12\/kid1.jpeg\">+<\/a>\r\n                        <\/div>\r\n                                                    <\/div>\r\n<\/div>\t\t\t\t<\/div>\n\t\t\t\t<\/div>\n\t\t\t\t<div class=\"elementor-element elementor-element-9acc42b elementor-widget__width-initial elementor-widget elementor-widget-pxl_image\" data-id=\"9acc42b\" data-element_type=\"widget\" data-e-type=\"widget\" data-widget_type=\"pxl_image.default\">\n\t\t\t\t<div class=\"elementor-widget-container\">\n\t\t\t\t\t<div id=\"pxl_image-9acc42b-7889\" class=\"pxl-image-single pxl-disable-parallax-sm  \" data-wow-delay=\"ms\"  >\r\n    <div class=\"pxl-item--inner\">\r\n                \r\n                                 \r\n                        <div class=\"pxl-item--image pxl-item-light-box pxl-single-lightbox\">\r\n                            <img loading=\"lazy\" decoding=\"async\" class=\"no-lazyload \" src=\"https:\/\/kids.colegiojoaokennedy.com.br\/wp-content\/uploads\/2025\/12\/kid3-800x500.jpeg\" width=\"800\" height=\"500\" alt=\"kid3\" title=\"kid3\" \/>                            <a class=\"btn-zoom light-box\" href=\"https:\/\/kids.colegiojoaokennedy.com.br\/wp-content\/uploads\/2025\/12\/kid3.jpeg\">+<\/a>\r\n                        <\/div>\r\n                                                    <\/div>\r\n<\/div>\t\t\t\t<\/div>\n\t\t\t\t<\/div>\n\t\t\t\t<\/div>\r\n\t\t\t\t<\/div>\r\n\t\t<div class=\"elementor-element elementor-element-6309ea7 e-con-full e-flex pxl-row-scroll-none pxl-zoom-point-false pxl-section-overflow-visible pxl-section-fix-none pxl-bg-color-none pxl-section-overlay-none e-con e-child \" data-id=\"6309ea7\" data-element_type=\"container\" data-e-type=\"container\">\t\t<div class=\"elementor-element elementor-element-13cd3e7 elementor-widget elementor-widget-pxl_image\" data-id=\"13cd3e7\" data-element_type=\"widget\" data-e-type=\"widget\" data-widget_type=\"pxl_image.default\">\n\t\t\t\t<div class=\"elementor-widget-container\">\n\t\t\t\t\t<div id=\"pxl_image-13cd3e7-2845\" class=\"pxl-image-single pxl-disable-parallax-sm  \" data-wow-delay=\"ms\"  >\r\n    <div class=\"pxl-item--inner\">\r\n                \r\n                                 \r\n                        <div class=\"pxl-item--image pxl-item-light-box pxl-single-lightbox\">\r\n                            <img loading=\"lazy\" decoding=\"async\" class=\"no-lazyload \" src=\"https:\/\/kids.colegiojoaokennedy.com.br\/wp-content\/uploads\/2025\/12\/kid8-700x700.jpeg\" width=\"700\" height=\"700\" alt=\"kid8\" title=\"kid8\" \/>                            <a class=\"btn-zoom light-box\" href=\"https:\/\/kids.colegiojoaokennedy.com.br\/wp-content\/uploads\/2025\/12\/kid8.jpeg\">+<\/a>\r\n                        <\/div>\r\n                                                    <\/div>\r\n<\/div>\t\t\t\t<\/div>\n\t\t\t\t<\/div>\n\t\t\t\t<\/div>\r\n\t\t\t\t\t<\/div>\r\n\t\t\t\t<\/div>\r\n\t\t\t\t<\/div>\n\t\t","protected":false},"excerpt":{"rendered":"<p>Aprimorando experi\u00eancias com ofertas excepcionais.. Aprimoramos cada momento com ofertas excepcionais que agregam valor e emo\u00e7\u00e3o. Desfrute de ofertas incompar\u00e1veis, criadas para elevar suas experi\u00eancias sem esfor\u00e7o. Estudar \u00e9 a chave para grande parte das oportunidades que surgir\u00e3o no seu futuro. Para te ajudar a acabar com a procrastina\u00e7\u00e3o e focar no que ainda tem [&hellip;]<\/p>\n","protected":false},"author":1,"featured_media":0,"parent":0,"menu_order":0,"comment_status":"closed","ping_status":"closed","template":"","meta":{"footnotes":""},"class_list":["post-345","page","type-page","status-publish","hentry"],"_hostinger_reach_plugin_has_subscription_block":false,"_hostinger_reach_plugin_is_elementor":false,"_links":{"self":[{"href":"https:\/\/kids.colegiojoaokennedy.com.br\/index.php?rest_route=\/wp\/v2\/pages\/345","targetHints":{"allow":["GET"]}}],"collection":[{"href":"https:\/\/kids.colegiojoaokennedy.com.br\/index.php?rest_route=\/wp\/v2\/pages"}],"about":[{"href":"https:\/\/kids.colegiojoaokennedy.com.br\/index.php?rest_route=\/wp\/v2\/types\/page"}],"author":[{"embeddable":true,"href":"https:\/\/kids.colegiojoaokennedy.com.br\/index.php?rest_route=\/wp\/v2\/users\/1"}],"replies":[{"embeddable":true,"href":"https:\/\/kids.colegiojoaokennedy.com.br\/index.php?rest_route=%2Fwp%2Fv2%2Fcomments&post=345"}],"version-history":[{"count":14,"href":"https:\/\/kids.colegiojoaokennedy.com.br\/index.php?rest_route=\/wp\/v2\/pages\/345\/revisions"}],"predecessor-version":[{"id":18506,"href":"https:\/\/kids.colegiojoaokennedy.com.br\/index.php?rest_route=\/wp\/v2\/pages\/345\/revisions\/18506"}],"wp:attachment":[{"href":"https:\/\/kids.colegiojoaokennedy.com.br\/index.php?rest_route=%2Fwp%2Fv2%2Fmedia&parent=345"}],"curies":[{"name":"wp","href":"https:\/\/api.w.org\/{rel}","templated":true}]}}